{"id":40,"date":"2017-09-26T04:58:44","date_gmt":"2017-09-26T04:58:44","guid":{"rendered":"https:\/\/softphone.com.co\/website\/?page_id=40"},"modified":"2017-10-22T17:53:52","modified_gmt":"2017-10-22T22:53:52","slug":"servicios","status":"publish","type":"page","link":"https:\/\/softphone.com.co\/website\/servicios\/","title":{"rendered":"SERVICIOS"},"content":{"rendered":"<div style='padding-bottom:10px;' class='av-special-heading av-special-heading-h1     '><h1 class='av-special-heading-tag '  itemprop=\"headline\"  >Nuestros Servicios<\/h1><div class='special-heading-border'><div class='special-heading-inner-border' ><\/div><\/div><\/div>\n<div class=\"flex_column av_one_full  flex_column_div av-zero-column-padding first  \" style='border-radius:0px; '><section class=\"av_textblock_section \"  itemscope=\"itemscope\" itemtype=\"https:\/\/schema.org\/CreativeWork\" ><div class='avia_textblock  '   itemprop=\"text\" ><p>En SoftPhone Colombia estamos convencidos que \u00abno hay empresas peque\u00f1as sino Grandes Empresas en formaci\u00f3n\u00bb y que su desarrollo est\u00e1 directamente relacionado con el acceso y uso que \u00e9stas tengan a la Tecnolog\u00eda.<\/p>\n<p>Por lo anterior, nos dimos a la tarea de buscar la m\u00e1s avanzada tecnolog\u00eda para ponerla al alcance de las empresas en v\u00eda de desarrollo para satisfacer as\u00ed todos sus requerimientos, brind\u00e1ndo Soluciones Integrales, Innovadoras y Econ\u00f3micas.<\/p>\n<p>En SoftPhone Colombia estamos comprometidos con nuestros Clientes a transferirles todo nuestro Know-How y Experiencia en pro de la adquisici\u00f3n de ventajas y estrategias competitivas en el \u00e1rea de Servicio al Cliente mediante la creaci\u00f3n de Cultura y desarrollo de actitudes de Servicio, y en el aprovechamiento de las tecnolog\u00edas de informaci\u00f3n conexas, las cuales hasta hace poco de tiempo eran accesibles s\u00f3lo a las grandes compa\u00f1\u00edas con alt\u00edsima capacidad de inversi\u00f3n.<\/p>\n<p>Hoy por hoy, los mercados han evolucionado y se han volcado a la venta de Servicios y Soluciones; por esa raz\u00f3n en SoftPhone Colombia desarrollamos mecanismos para que las empresas adquieran el uso y los beneficios que ofrece la tecnolog\u00eda pero sin invertir en la tecnolog\u00eda pers\u00e9, lo cual les permite explotar al m\u00e1ximo el recurso, reducir al m\u00e1ximo su costo total de propiedad (TCO) y consecuentemente ser m\u00e1s eficientes, eficaces y transitivamente, m\u00e1s competitivas.<\/p>\n<p>Para nadie es un secreto que hay dos tipos de empresas: \u00abLas que mueren en el intento y Las que Progresan y Triunfan\u00bb.<\/p>\n<p>\u00bfA cu\u00e1l grupo le gustar\u00eda pertenecer? Le invitamos a ingresar al club de las empresas que Progresan y Generan Valor.<\/p>\n<p>Cont\u00e1ctenos sin compromiso que gustosamente nuestro grupo de trabajo le indicar\u00e1 el camino correcto.<\/p>\n<\/div><\/section><\/div>\n","protected":false},"excerpt":{"rendered":"","protected":false},"author":2,"featured_media":0,"parent":0,"menu_order":0,"comment_status":"closed","ping_status":"closed","template":"","meta":{"footnotes":""},"class_list":["post-40","page","type-page","status-publish","hentry"],"yoast_head":"<!-- This site is optimized with the Yoast SEO plugin v23.8 - https:\/\/yoast.com\/wordpress\/plugins\/seo\/ -->\n<title>SERVICIOS - SoftPhone CO<\/title>\n<meta name=\"robots\" content=\"index, follow, max-snippet:-1, max-image-preview:large, max-video-preview:-1\" \/>\n<link rel=\"canonical\" href=\"https:\/\/softphone.com.co\/website\/servicios\/\" \/>\n<meta property=\"og:locale\" content=\"es_ES\" \/>\n<meta property=\"og:type\" content=\"article\" \/>\n<meta property=\"og:title\" content=\"SERVICIOS - SoftPhone CO\" \/>\n<meta property=\"og:url\" content=\"https:\/\/softphone.com.co\/website\/servicios\/\" \/>\n<meta property=\"og:site_name\" content=\"SoftPhone CO\" \/>\n<meta property=\"article:modified_time\" content=\"2017-10-22T22:53:52+00:00\" \/>\n<meta name=\"twitter:card\" content=\"summary_large_image\" \/>\n<meta name=\"twitter:label1\" content=\"Tiempo de lectura\" \/>\n\t<meta name=\"twitter:data1\" content=\"2 minutos\" \/>\n<script type=\"application\/ld+json\" class=\"yoast-schema-graph\">{\"@context\":\"https:\/\/schema.org\",\"@graph\":[{\"@type\":\"WebPage\",\"@id\":\"https:\/\/softphone.com.co\/website\/servicios\/\",\"url\":\"https:\/\/softphone.com.co\/website\/servicios\/\",\"name\":\"SERVICIOS - SoftPhone CO\",\"isPartOf\":{\"@id\":\"https:\/\/softphone.com.co\/website\/#website\"},\"datePublished\":\"2017-09-26T04:58:44+00:00\",\"dateModified\":\"2017-10-22T22:53:52+00:00\",\"breadcrumb\":{\"@id\":\"https:\/\/softphone.com.co\/website\/servicios\/#breadcrumb\"},\"inLanguage\":\"es\",\"potentialAction\":[{\"@type\":\"ReadAction\",\"target\":[\"https:\/\/softphone.com.co\/website\/servicios\/\"]}]},{\"@type\":\"BreadcrumbList\",\"@id\":\"https:\/\/softphone.com.co\/website\/servicios\/#breadcrumb\",\"itemListElement\":[{\"@type\":\"ListItem\",\"position\":1,\"name\":\"Portada\",\"item\":\"https:\/\/softphone.com.co\/website\/inicio\/\"},{\"@type\":\"ListItem\",\"position\":2,\"name\":\"SERVICIOS\"}]},{\"@type\":\"WebSite\",\"@id\":\"https:\/\/softphone.com.co\/website\/#website\",\"url\":\"https:\/\/softphone.com.co\/website\/\",\"name\":\"SoftPhone CO\",\"description\":\"Los expertos en Endpoint\",\"potentialAction\":[{\"@type\":\"SearchAction\",\"target\":{\"@type\":\"EntryPoint\",\"urlTemplate\":\"https:\/\/softphone.com.co\/website\/?s={search_term_string}\"},\"query-input\":{\"@type\":\"PropertyValueSpecification\",\"valueRequired\":true,\"valueName\":\"search_term_string\"}}],\"inLanguage\":\"es\"}]}<\/script>\n<!-- \/ Yoast SEO plugin. -->","yoast_head_json":{"title":"SERVICIOS - SoftPhone CO","robots":{"index":"index","follow":"follow","max-snippet":"max-snippet:-1","max-image-preview":"max-image-preview:large","max-video-preview":"max-video-preview:-1"},"canonical":"https:\/\/softphone.com.co\/website\/servicios\/","og_locale":"es_ES","og_type":"article","og_title":"SERVICIOS - SoftPhone CO","og_url":"https:\/\/softphone.com.co\/website\/servicios\/","og_site_name":"SoftPhone CO","article_modified_time":"2017-10-22T22:53:52+00:00","twitter_card":"summary_large_image","twitter_misc":{"Tiempo de lectura":"2 minutos"},"schema":{"@context":"https:\/\/schema.org","@graph":[{"@type":"WebPage","@id":"https:\/\/softphone.com.co\/website\/servicios\/","url":"https:\/\/softphone.com.co\/website\/servicios\/","name":"SERVICIOS - SoftPhone CO","isPartOf":{"@id":"https:\/\/softphone.com.co\/website\/#website"},"datePublished":"2017-09-26T04:58:44+00:00","dateModified":"2017-10-22T22:53:52+00:00","breadcrumb":{"@id":"https:\/\/softphone.com.co\/website\/servicios\/#breadcrumb"},"inLanguage":"es","potentialAction":[{"@type":"ReadAction","target":["https:\/\/softphone.com.co\/website\/servicios\/"]}]},{"@type":"BreadcrumbList","@id":"https:\/\/softphone.com.co\/website\/servicios\/#breadcrumb","itemListElement":[{"@type":"ListItem","position":1,"name":"Portada","item":"https:\/\/softphone.com.co\/website\/inicio\/"},{"@type":"ListItem","position":2,"name":"SERVICIOS"}]},{"@type":"WebSite","@id":"https:\/\/softphone.com.co\/website\/#website","url":"https:\/\/softphone.com.co\/website\/","name":"SoftPhone CO","description":"Los expertos en Endpoint","potentialAction":[{"@type":"SearchAction","target":{"@type":"EntryPoint","urlTemplate":"https:\/\/softphone.com.co\/website\/?s={search_term_string}"},"query-input":{"@type":"PropertyValueSpecification","valueRequired":true,"valueName":"search_term_string"}}],"inLanguage":"es"}]}},"_links":{"self":[{"href":"https:\/\/softphone.com.co\/website\/wp-json\/wp\/v2\/pages\/40","targetHints":{"allow":["GET"]}}],"collection":[{"href":"https:\/\/softphone.com.co\/website\/wp-json\/wp\/v2\/pages"}],"about":[{"href":"https:\/\/softphone.com.co\/website\/wp-json\/wp\/v2\/types\/page"}],"author":[{"embeddable":true,"href":"https:\/\/softphone.com.co\/website\/wp-json\/wp\/v2\/users\/2"}],"replies":[{"embeddable":true,"href":"https:\/\/softphone.com.co\/website\/wp-json\/wp\/v2\/comments?post=40"}],"version-history":[{"count":11,"href":"https:\/\/softphone.com.co\/website\/wp-json\/wp\/v2\/pages\/40\/revisions"}],"predecessor-version":[{"id":306,"href":"https:\/\/softphone.com.co\/website\/wp-json\/wp\/v2\/pages\/40\/revisions\/306"}],"wp:attachment":[{"href":"https:\/\/softphone.com.co\/website\/wp-json\/wp\/v2\/media?parent=40"}],"curies":[{"name":"wp","href":"https:\/\/api.w.org\/{rel}","templated":true}]}}