{"id":37,"date":"2017-09-26T04:45:08","date_gmt":"2017-09-26T04:45:08","guid":{"rendered":"https:\/\/softphone.com.co\/website\/?page_id=37"},"modified":"2024-11-15T21:21:40","modified_gmt":"2024-11-16T02:21:40","slug":"productos","status":"publish","type":"page","link":"https:\/\/softphone.com.co\/website\/productos\/","title":{"rendered":"PRODUCTOS"},"content":{"rendered":"<div style='padding-bottom:10px;' class='av-special-heading av-special-heading-h1    '><h1 class='av-special-heading-tag '  itemprop=\"headline\"  >Nuestro Portafolio de Productos<\/h1><div class='special-heading-border'><div class='special-heading-inner-border' ><\/div><\/div><\/div>\n<section class=\"av_textblock_section \"  itemscope=\"itemscope\" itemtype=\"https:\/\/schema.org\/CreativeWork\" ><div class='avia_textblock  '   itemprop=\"text\" ><div>\n<p>En <strong>SoftPhone Colombia<\/strong> nos especializamos en el suministro de equipos y en la prestaci\u00f3n de servicios especializados de Instalaci\u00f3n, Configuraci\u00f3n y puesta en funcionamiento de:<\/p>\n<ul>\n<li>Callcenters basados en <strong>Elastix\/Asterisk<\/strong><\/li>\n<li>Servicio de Gateway H.320\/H.323<\/li>\n<li>Redes Privadas de Voz sobre IP<\/li>\n<li>IP-PBX<\/li>\n<li>Contact Center<\/li>\n<li>Soluciones de CRM &amp; ERP<\/li>\n<li>ACD e IVR Inteligentes<\/li>\n<li>Reconocimiento y s\u00edntesis de Voz (SPEECH)<\/li>\n<li>Gatekeepers<\/li>\n<li>Software de tarificaci\u00f3n y sistemas de prepago<\/li>\n<li>Mensajer\u00eda unificada<\/li>\n<li>Video sobre IP<\/li>\n<li>Redes Privadas virtuales (VPN)<\/li>\n<li>Redes inal\u00e1mbricas<\/li>\n<li>Soluciones WiFi<\/li>\n<li>Video-Vigilancia (CCTV)<\/li>\n<li>Tarjetas de Grabaci\u00f3n de llamadas<\/li>\n<li>Monitorizaci\u00f3n de llamadas<\/li>\n<li>Implementaciones llave en mano para montaje de oficinas virtuales<\/li>\n<\/ul>\n<p>Todos nuestros productos se convierten en el mecanismo que usted y su empresa necesitan para realizar la labor de Adquisici\u00f3n, Mantenimiento, Crecimiento y Retenci\u00f3n de sus clientes, bajo la filosof\u00eda de Mejorar y hacer cada vez m\u00e1s rentables relaciones comerciales.<\/p>\n<p>A trav\u00e9s de nuestros productos de Inbound \u2013 Outbound &#8211; Back Office, nos permitimos ofrecerle las mejores soluciones del mercado las cuales le invitamos a conocer a trav\u00e9s de \u00e9stas p\u00e1ginas.<\/p>\n<\/div>\n<\/div><\/section>\n","protected":false},"excerpt":{"rendered":"","protected":false},"author":2,"featured_media":0,"parent":0,"menu_order":0,"comment_status":"closed","ping_status":"closed","template":"","meta":{"footnotes":""},"class_list":["post-37","page","type-page","status-publish","hentry"],"yoast_head":"<!-- This site is optimized with the Yoast SEO plugin v23.8 - https:\/\/yoast.com\/wordpress\/plugins\/seo\/ -->\n<title>PRODUCTOS - SoftPhone CO<\/title>\n<meta name=\"robots\" content=\"index, follow, max-snippet:-1, max-image-preview:large, max-video-preview:-1\" \/>\n<link rel=\"canonical\" href=\"https:\/\/softphone.com.co\/website\/productos\/\" \/>\n<meta property=\"og:locale\" content=\"es_ES\" \/>\n<meta property=\"og:type\" content=\"article\" \/>\n<meta property=\"og:title\" content=\"PRODUCTOS - SoftPhone CO\" \/>\n<meta property=\"og:url\" content=\"https:\/\/softphone.com.co\/website\/productos\/\" \/>\n<meta property=\"og:site_name\" content=\"SoftPhone CO\" \/>\n<meta property=\"article:modified_time\" content=\"2024-11-16T02:21:40+00:00\" \/>\n<meta name=\"twitter:card\" content=\"summary_large_image\" \/>\n<meta name=\"twitter:label1\" content=\"Tiempo de lectura\" \/>\n\t<meta name=\"twitter:data1\" content=\"1 minuto\" \/>\n<script type=\"application\/ld+json\" class=\"yoast-schema-graph\">{\"@context\":\"https:\/\/schema.org\",\"@graph\":[{\"@type\":\"WebPage\",\"@id\":\"https:\/\/softphone.com.co\/website\/productos\/\",\"url\":\"https:\/\/softphone.com.co\/website\/productos\/\",\"name\":\"PRODUCTOS - SoftPhone CO\",\"isPartOf\":{\"@id\":\"https:\/\/softphone.com.co\/website\/#website\"},\"datePublished\":\"2017-09-26T04:45:08+00:00\",\"dateModified\":\"2024-11-16T02:21:40+00:00\",\"breadcrumb\":{\"@id\":\"https:\/\/softphone.com.co\/website\/productos\/#breadcrumb\"},\"inLanguage\":\"es\",\"potentialAction\":[{\"@type\":\"ReadAction\",\"target\":[\"https:\/\/softphone.com.co\/website\/productos\/\"]}]},{\"@type\":\"BreadcrumbList\",\"@id\":\"https:\/\/softphone.com.co\/website\/productos\/#breadcrumb\",\"itemListElement\":[{\"@type\":\"ListItem\",\"position\":1,\"name\":\"Portada\",\"item\":\"https:\/\/softphone.com.co\/website\/inicio\/\"},{\"@type\":\"ListItem\",\"position\":2,\"name\":\"PRODUCTOS\"}]},{\"@type\":\"WebSite\",\"@id\":\"https:\/\/softphone.com.co\/website\/#website\",\"url\":\"https:\/\/softphone.com.co\/website\/\",\"name\":\"SoftPhone CO\",\"description\":\"Los expertos en Endpoint\",\"potentialAction\":[{\"@type\":\"SearchAction\",\"target\":{\"@type\":\"EntryPoint\",\"urlTemplate\":\"https:\/\/softphone.com.co\/website\/?s={search_term_string}\"},\"query-input\":{\"@type\":\"PropertyValueSpecification\",\"valueRequired\":true,\"valueName\":\"search_term_string\"}}],\"inLanguage\":\"es\"}]}<\/script>\n<!-- \/ Yoast SEO plugin. -->","yoast_head_json":{"title":"PRODUCTOS - SoftPhone CO","robots":{"index":"index","follow":"follow","max-snippet":"max-snippet:-1","max-image-preview":"max-image-preview:large","max-video-preview":"max-video-preview:-1"},"canonical":"https:\/\/softphone.com.co\/website\/productos\/","og_locale":"es_ES","og_type":"article","og_title":"PRODUCTOS - SoftPhone CO","og_url":"https:\/\/softphone.com.co\/website\/productos\/","og_site_name":"SoftPhone CO","article_modified_time":"2024-11-16T02:21:40+00:00","twitter_card":"summary_large_image","twitter_misc":{"Tiempo de lectura":"1 minuto"},"schema":{"@context":"https:\/\/schema.org","@graph":[{"@type":"WebPage","@id":"https:\/\/softphone.com.co\/website\/productos\/","url":"https:\/\/softphone.com.co\/website\/productos\/","name":"PRODUCTOS - SoftPhone CO","isPartOf":{"@id":"https:\/\/softphone.com.co\/website\/#website"},"datePublished":"2017-09-26T04:45:08+00:00","dateModified":"2024-11-16T02:21:40+00:00","breadcrumb":{"@id":"https:\/\/softphone.com.co\/website\/productos\/#breadcrumb"},"inLanguage":"es","potentialAction":[{"@type":"ReadAction","target":["https:\/\/softphone.com.co\/website\/productos\/"]}]},{"@type":"BreadcrumbList","@id":"https:\/\/softphone.com.co\/website\/productos\/#breadcrumb","itemListElement":[{"@type":"ListItem","position":1,"name":"Portada","item":"https:\/\/softphone.com.co\/website\/inicio\/"},{"@type":"ListItem","position":2,"name":"PRODUCTOS"}]},{"@type":"WebSite","@id":"https:\/\/softphone.com.co\/website\/#website","url":"https:\/\/softphone.com.co\/website\/","name":"SoftPhone CO","description":"Los expertos en Endpoint","potentialAction":[{"@type":"SearchAction","target":{"@type":"EntryPoint","urlTemplate":"https:\/\/softphone.com.co\/website\/?s={search_term_string}"},"query-input":{"@type":"PropertyValueSpecification","valueRequired":true,"valueName":"search_term_string"}}],"inLanguage":"es"}]}},"_links":{"self":[{"href":"https:\/\/softphone.com.co\/website\/wp-json\/wp\/v2\/pages\/37","targetHints":{"allow":["GET"]}}],"collection":[{"href":"https:\/\/softphone.com.co\/website\/wp-json\/wp\/v2\/pages"}],"about":[{"href":"https:\/\/softphone.com.co\/website\/wp-json\/wp\/v2\/types\/page"}],"author":[{"embeddable":true,"href":"https:\/\/softphone.com.co\/website\/wp-json\/wp\/v2\/users\/2"}],"replies":[{"embeddable":true,"href":"https:\/\/softphone.com.co\/website\/wp-json\/wp\/v2\/comments?post=37"}],"version-history":[{"count":2,"href":"https:\/\/softphone.com.co\/website\/wp-json\/wp\/v2\/pages\/37\/revisions"}],"predecessor-version":[{"id":301,"href":"https:\/\/softphone.com.co\/website\/wp-json\/wp\/v2\/pages\/37\/revisions\/301"}],"wp:attachment":[{"href":"https:\/\/softphone.com.co\/website\/wp-json\/wp\/v2\/media?parent=37"}],"curies":[{"name":"wp","href":"https:\/\/api.w.org\/{rel}","templated":true}]}}